{"id":29294,"date":"2026-04-10T19:42:46","date_gmt":"2026-04-10T19:42:46","guid":{"rendered":"https:\/\/oladeco.sn\/?post_type=product&#038;p=29294"},"modified":"2026-04-16T21:52:13","modified_gmt":"2026-04-16T21:52:13","slug":"29294","status":"publish","type":"product","link":"https:\/\/oladeco.sn\/index.php\/product\/29294\/","title":{"rendered":"Ensemble 4 serviettes Hamam"},"content":{"rendered":"<p class=\"ds-markdown-paragraph\">L&rsquo;ensemble de serviettes Hamam allie fonctionnalit\u00e9 et esth\u00e9tique. Compos\u00e9 de 4 pi\u00e8ces (2 serviettes moyennes et 2 serviettes petites), il r\u00e9pond \u00e0 tous vos besoins quotidiens.<\/p>\n<p class=\"ds-markdown-paragraph\">Dans une harmonieuse association de bleu et saumon, ces serviettes apportent une touche de fra\u00eecheur et de chaleur \u00e0 votre salle de bain. Leur design inspir\u00e9 des traditions du hammam les rend aussi d\u00e9coratives qu&rsquo;utiles.<\/p>\n<p class=\"ds-markdown-paragraph\">Polyvalentes, elles vous accompagneront aussi bien \u00e0 la maison qu&rsquo;\u00e0 la plage, \u00e0 la piscine ou au spa.<\/p>\n<p class=\"ds-markdown-paragraph\"><strong>Caract\u00e9ristiques techniques :<\/strong><\/p>\n<ul>\n<li>\n<p class=\"ds-markdown-paragraph\">Nom du produit : Hamam<\/p>\n<\/li>\n<li>\n<p class=\"ds-markdown-paragraph\">Type : Ensemble de serviettes<\/p>\n<\/li>\n<li>\n<p class=\"ds-markdown-paragraph\">Nombre de pi\u00e8ces : 4<\/p>\n<\/li>\n<li>\n<p class=\"ds-markdown-paragraph\">Composition : 2 serviettes moyennes + 2 serviettes petites<\/p>\n<\/li>\n<li>\n<p class=\"ds-markdown-paragraph\">Couleur : Bleu et saumon<\/p>\n<\/li>\n<\/ul>\n<p class=\"ds-markdown-paragraph\"><strong>Utilisations recommand\u00e9es :<\/strong><\/p>\n<ul>\n<li>\n<p class=\"ds-markdown-paragraph\">Salle de bain<\/p>\n<\/li>\n<li>\n<p class=\"ds-markdown-paragraph\">Hammam \/ Spa<\/p>\n<\/li>\n<li>\n<p class=\"ds-markdown-paragraph\">Plage \/ Piscine<\/p>\n<\/li>\n<li>\n<p class=\"ds-markdown-paragraph\">Voyage<\/p>\n<\/li>\n<\/ul>\n<hr \/>\n","protected":false},"excerpt":{"rendered":"<p>Ensemble 4 serviettes Hamam. Composition : 2 moyennes et 2 petites. Couleur bleu et saumon. Id\u00e9al pour la salle de bain, la plage ou le hammam.<\/p>\n","protected":false},"featured_media":29823,"template":"","meta":[],"product_brand":[],"product_cat":[80],"product_tag":[],"class_list":{"0":"post-29294","1":"product","2":"type-product","3":"status-publish","4":"has-post-thumbnail","6":"product_cat-linge-de-maison","8":"first","9":"instock","10":"shipping-taxable","11":"purchasable","12":"product-type-simple"},"_links":{"self":[{"href":"https:\/\/oladeco.sn\/index.php\/wp-json\/wp\/v2\/product\/29294","targetHints":{"allow":["GET"]}}],"collection":[{"href":"https:\/\/oladeco.sn\/index.php\/wp-json\/wp\/v2\/product"}],"about":[{"href":"https:\/\/oladeco.sn\/index.php\/wp-json\/wp\/v2\/types\/product"}],"version-history":[{"count":3,"href":"https:\/\/oladeco.sn\/index.php\/wp-json\/wp\/v2\/product\/29294\/revisions"}],"predecessor-version":[{"id":29824,"href":"https:\/\/oladeco.sn\/index.php\/wp-json\/wp\/v2\/product\/29294\/revisions\/29824"}],"wp:featuredmedia":[{"embeddable":true,"href":"https:\/\/oladeco.sn\/index.php\/wp-json\/wp\/v2\/media\/29823"}],"wp:attachment":[{"href":"https:\/\/oladeco.sn\/index.php\/wp-json\/wp\/v2\/media?parent=29294"}],"wp:term":[{"taxonomy":"product_brand","embeddable":true,"href":"https:\/\/oladeco.sn\/index.php\/wp-json\/wp\/v2\/product_brand?post=29294"},{"taxonomy":"product_cat","embeddable":true,"href":"https:\/\/oladeco.sn\/index.php\/wp-json\/wp\/v2\/product_cat?post=29294"},{"taxonomy":"product_tag","embeddable":true,"href":"https:\/\/oladeco.sn\/index.php\/wp-json\/wp\/v2\/product_tag?post=29294"}],"curies":[{"name":"wp","href":"https:\/\/api.w.org\/{rel}","templated":true}]}}