{"id":29279,"date":"2026-04-10T19:23:47","date_gmt":"2026-04-10T19:23:47","guid":{"rendered":"https:\/\/oladeco.sn\/?post_type=product&#038;p=29279"},"modified":"2026-04-10T19:26:40","modified_gmt":"2026-04-10T19:26:40","slug":"le-plaid-confort-throw-3","status":"publish","type":"product","link":"https:\/\/oladeco.sn\/index.php\/product\/le-plaid-confort-throw-3\/","title":{"rendered":"Le plaid confort THROW"},"content":{"rendered":"<div class=\"ds-message _63c77b1\">\n<div class=\"ds-markdown\">\n<p class=\"ds-markdown-paragraph\">Apportez une touche de douceur et d&rsquo;\u00e9l\u00e9gance \u00e0 votre int\u00e9rieur avec le plaid confort THROW. Ultra doux au toucher, il est parfait pour vous garder au chaud tout en sublimant votre d\u00e9coration.<\/p>\n<p class=\"ds-markdown-paragraph\">Sa couleur marron fauve, chaude et naturelle, \u00e9voque la terre et les ambiances authentiques. Elle apporte une sensation de confort et de bien-\u00eatre, id\u00e9ale pour cr\u00e9er un espace chaleureux et accueillant.<\/p>\n<p class=\"ds-markdown-paragraph\"><strong>Caract\u00e9ristiques :<\/strong><\/p>\n<ul>\n<li>\n<p class=\"ds-markdown-paragraph\">\ud83e\uddf5 Mati\u00e8re : Flanelle ultra douce<\/p>\n<\/li>\n<li>\n<p class=\"ds-markdown-paragraph\">\ud83d\udccf Taille : 127 cm x 152 cm<\/p>\n<\/li>\n<li>\n<p class=\"ds-markdown-paragraph\">\ud83c\udfa8 Couleur : Marron fauve<\/p>\n<\/li>\n<li>\n<p class=\"ds-markdown-paragraph\">\ud83d\udecb\ufe0f Utilisation : Canap\u00e9, lit, d\u00e9coration, moments cocooning<\/p>\n<\/li>\n<\/ul>\n<p class=\"ds-markdown-paragraph\"><strong>Points forts :<\/strong><\/p>\n<ul>\n<li>\n<p class=\"ds-markdown-paragraph\">Confort exceptionnel<\/p>\n<\/li>\n<li>\n<p class=\"ds-markdown-paragraph\">Texture douce et agr\u00e9able<\/p>\n<\/li>\n<li>\n<p class=\"ds-markdown-paragraph\">Design \u00e9l\u00e9gant et moderne<\/p>\n<\/li>\n<li>\n<p class=\"ds-markdown-paragraph\">Id\u00e9al pour toutes les saisons<\/p>\n<\/li>\n<\/ul>\n<p class=\"ds-markdown-paragraph\"><strong>Pourquoi choisir ce plaid ?<\/strong><\/p>\n<p class=\"ds-markdown-paragraph\">Que ce soit pour vos moments de d\u00e9tente ou pour embellir votre salon, ce plaid est le m\u00e9lange parfait entre confort et style.<\/p>\n<hr \/>\n<p class=\"ds-markdown-paragraph\">\n<\/div>\n<\/div>\n<div class=\"ds-theme\"><\/div>\n<div class=\"ds-flex _0a3d93b\">\n<div class=\"ds-flex _965abe9 _54866f7\">\n<div class=\"db183363 ds-icon-button ds-icon-button--m ds-icon-button--sizing-container\" tabindex=\"0\" role=\"button\" aria-disabled=\"false\">\n<div class=\"ds-icon-button__hover-bg\"><\/div>\n<div class=\"ds-icon\"><\/div>\n<\/div>\n<\/div>\n<\/div>\n","protected":false},"excerpt":{"rendered":"<p>Plaid confort THROW en flanelle ultra douce. Couleur marron fauve, taille 127 x 152 cm. Id\u00e9al pour canap\u00e9, lit, d\u00e9coration et moments cocooning. Design \u00e9l\u00e9gant et moderne.<\/p>\n","protected":false},"featured_media":29280,"template":"","meta":[],"product_brand":[],"product_cat":[77,80],"product_tag":[],"class_list":{"0":"post-29279","1":"product","2":"type-product","3":"status-publish","4":"has-post-thumbnail","6":"product_cat-decoration","7":"product_cat-linge-de-maison","9":"first","10":"instock","11":"shipping-taxable","12":"purchasable","13":"product-type-simple"},"_links":{"self":[{"href":"https:\/\/oladeco.sn\/index.php\/wp-json\/wp\/v2\/product\/29279","targetHints":{"allow":["GET"]}}],"collection":[{"href":"https:\/\/oladeco.sn\/index.php\/wp-json\/wp\/v2\/product"}],"about":[{"href":"https:\/\/oladeco.sn\/index.php\/wp-json\/wp\/v2\/types\/product"}],"version-history":[{"count":1,"href":"https:\/\/oladeco.sn\/index.php\/wp-json\/wp\/v2\/product\/29279\/revisions"}],"predecessor-version":[{"id":29281,"href":"https:\/\/oladeco.sn\/index.php\/wp-json\/wp\/v2\/product\/29279\/revisions\/29281"}],"wp:featuredmedia":[{"embeddable":true,"href":"https:\/\/oladeco.sn\/index.php\/wp-json\/wp\/v2\/media\/29280"}],"wp:attachment":[{"href":"https:\/\/oladeco.sn\/index.php\/wp-json\/wp\/v2\/media?parent=29279"}],"wp:term":[{"taxonomy":"product_brand","embeddable":true,"href":"https:\/\/oladeco.sn\/index.php\/wp-json\/wp\/v2\/product_brand?post=29279"},{"taxonomy":"product_cat","embeddable":true,"href":"https:\/\/oladeco.sn\/index.php\/wp-json\/wp\/v2\/product_cat?post=29279"},{"taxonomy":"product_tag","embeddable":true,"href":"https:\/\/oladeco.sn\/index.php\/wp-json\/wp\/v2\/product_tag?post=29279"}],"curies":[{"name":"wp","href":"https:\/\/api.w.org\/{rel}","templated":true}]}}