{"id":29267,"date":"2026-04-10T19:01:39","date_gmt":"2026-04-10T19:01:39","guid":{"rendered":"https:\/\/oladeco.sn\/?post_type=product&#038;p=29267"},"modified":"2026-04-12T19:04:29","modified_gmt":"2026-04-12T19:04:29","slug":"le-plaid-throw-blanket","status":"publish","type":"product","link":"https:\/\/oladeco.sn\/index.php\/product\/le-plaid-throw-blanket\/","title":{"rendered":"Le plaid Throw BLANKET"},"content":{"rendered":"<p data-start=\"121\" data-end=\"332\">Apportez une touche de douceur et d\u2019\u00e9l\u00e9gance \u00e0 votre int\u00e9rieur avec le plaid confort THROW. Ultra doux au toucher, il est parfait pour vous garder au chaud tout en sublimant votre d\u00e9coration.<\/p>\n<p data-start=\"334\" data-end=\"358\"><strong data-start=\"334\" data-end=\"356\">Caract\u00e9ristiques :<\/strong><\/p>\n<ul data-start=\"359\" data-end=\"516\">\n<li data-section-id=\"kjbg1g\" data-start=\"359\" data-end=\"396\">\ud83e\uddf5 Mati\u00e8re : Flanelle ultra douce<\/li>\n<li data-section-id=\"188ro83\" data-start=\"397\" data-end=\"428\">\ud83d\udccf Taille : 127 cm x 152 cm<\/li>\n<li data-section-id=\"pdzukd\" data-start=\"429\" data-end=\"451\">\ud83c\udfa8 Couleur : Beige<\/li>\n<li data-section-id=\"1x6wp9p\" data-start=\"452\" data-end=\"516\">\ud83d\udecb\ufe0f Utilisation : Canap\u00e9, lit, d\u00e9coration, moments cocooning<\/li>\n<\/ul>\n<p data-start=\"518\" data-end=\"538\"><strong data-start=\"518\" data-end=\"536\">Points forts :<\/strong><\/p>\n<ul data-start=\"539\" data-end=\"657\">\n<li data-section-id=\"1d9uiad\" data-start=\"539\" data-end=\"563\">Confort exceptionnel<\/li>\n<li data-section-id=\"6dr4jt\" data-start=\"564\" data-end=\"593\">Texture douce et agr\u00e9able<\/li>\n<li data-section-id=\"1hme2w1\" data-start=\"594\" data-end=\"623\">Design \u00e9l\u00e9gant et moderne<\/li>\n<li data-section-id=\"uan07p\" data-start=\"624\" data-end=\"657\">Id\u00e9al pour toutes les saisons<\/li>\n<\/ul>\n<p data-start=\"659\" data-end=\"822\"><strong data-start=\"659\" data-end=\"690\">Pourquoi choisir ce plaid ?<\/strong><br data-start=\"690\" data-end=\"693\" \/>Que ce soit pour vos moments de d\u00e9tente ou pour embellir votre salon, ce plaid est le m\u00e9lange parfait entre <strong data-start=\"801\" data-end=\"821\">confort et style<\/strong>.<\/p>\n","protected":false},"excerpt":{"rendered":"<p>Plaid confort THROW en flanelle ultra douce. Couleur beige, taille 127 x 152 cm. Id\u00e9al pour canap\u00e9, lit, d\u00e9coration et moments cocooning. Design \u00e9l\u00e9gant et moderne.<\/p>\n","protected":false},"featured_media":29268,"template":"","meta":[],"product_brand":[],"product_cat":[77,80],"product_tag":[],"class_list":{"0":"post-29267","1":"product","2":"type-product","3":"status-publish","4":"has-post-thumbnail","6":"product_cat-decoration","7":"product_cat-linge-de-maison","9":"first","10":"instock","11":"shipping-taxable","12":"purchasable","13":"product-type-simple"},"_links":{"self":[{"href":"https:\/\/oladeco.sn\/index.php\/wp-json\/wp\/v2\/product\/29267","targetHints":{"allow":["GET"]}}],"collection":[{"href":"https:\/\/oladeco.sn\/index.php\/wp-json\/wp\/v2\/product"}],"about":[{"href":"https:\/\/oladeco.sn\/index.php\/wp-json\/wp\/v2\/types\/product"}],"version-history":[{"count":1,"href":"https:\/\/oladeco.sn\/index.php\/wp-json\/wp\/v2\/product\/29267\/revisions"}],"predecessor-version":[{"id":29269,"href":"https:\/\/oladeco.sn\/index.php\/wp-json\/wp\/v2\/product\/29267\/revisions\/29269"}],"wp:featuredmedia":[{"embeddable":true,"href":"https:\/\/oladeco.sn\/index.php\/wp-json\/wp\/v2\/media\/29268"}],"wp:attachment":[{"href":"https:\/\/oladeco.sn\/index.php\/wp-json\/wp\/v2\/media?parent=29267"}],"wp:term":[{"taxonomy":"product_brand","embeddable":true,"href":"https:\/\/oladeco.sn\/index.php\/wp-json\/wp\/v2\/product_brand?post=29267"},{"taxonomy":"product_cat","embeddable":true,"href":"https:\/\/oladeco.sn\/index.php\/wp-json\/wp\/v2\/product_cat?post=29267"},{"taxonomy":"product_tag","embeddable":true,"href":"https:\/\/oladeco.sn\/index.php\/wp-json\/wp\/v2\/product_tag?post=29267"}],"curies":[{"name":"wp","href":"https:\/\/api.w.org\/{rel}","templated":true}]}}