{"id":29076,"date":"2026-04-09T02:22:41","date_gmt":"2026-04-09T02:22:41","guid":{"rendered":"https:\/\/oladeco.sn\/?post_type=product&#038;p=29076"},"modified":"2026-04-17T01:46:40","modified_gmt":"2026-04-17T01:46:40","slug":"fauteuil-dappoint-bamba","status":"publish","type":"product","link":"https:\/\/oladeco.sn\/index.php\/product\/fauteuil-dappoint-bamba\/","title":{"rendered":"Fauteuil d\u2019appoint \u2013 BAMBA"},"content":{"rendered":"<p data-start=\"108\" data-end=\"438\">Apportez du caract\u00e8re et du confort \u00e0 votre int\u00e9rieur avec ce fauteuil d\u2019appoint sign\u00e9 Longkun. Son design \u00e0 aile arri\u00e8re offre un excellent maintien du dos tout en ajoutant une touche \u00e9l\u00e9gante et raffin\u00e9e \u00e0 votre espace. Id\u00e9al pour un salon, un bureau ou un coin d\u00e9tente, il combine solidit\u00e9 et style moderne.<\/p>\n<hr data-start=\"440\" data-end=\"443\" \/>\n<p data-start=\"445\" data-end=\"469\"><strong data-start=\"445\" data-end=\"467\">Caract\u00e9ristiques :<\/strong><\/p>\n<ul data-start=\"470\" data-end=\"820\">\n<li data-section-id=\"16tm77c\" data-start=\"470\" data-end=\"497\">\ud83e\ude91 <strong data-start=\"475\" data-end=\"487\">Marque :<\/strong> Longkun<\/li>\n<li data-section-id=\"s3mukv\" data-start=\"498\" data-end=\"565\">\ud83c\udfa8 <strong data-start=\"503\" data-end=\"514\">Style :<\/strong> Aile arri\u00e8re (wingback) \u2013 \u00e9l\u00e9gant et confortable<\/li>\n<li data-section-id=\"1letzrd\" data-start=\"566\" data-end=\"627\">\ud83d\udecb\ufe0f <strong data-start=\"572\" data-end=\"585\">Confort :<\/strong> Coussin inclus pour un meilleur soutien<\/li>\n<li data-section-id=\"fa5i4w\" data-start=\"628\" data-end=\"694\">\ud83e\uddf1 <strong data-start=\"633\" data-end=\"648\">Mat\u00e9riaux :<\/strong> Structure en m\u00e9tal, rev\u00eatement en simili cuir<\/li>\n<li data-section-id=\"10p5hx2\" data-start=\"695\" data-end=\"732\">\u2696\ufe0f <strong data-start=\"700\" data-end=\"724\">Poids de l\u2019article :<\/strong> 11 kg<\/li>\n<li data-section-id=\"1afq8lz\" data-start=\"733\" data-end=\"773\">\ud83d\udccf <strong data-start=\"738\" data-end=\"754\">Dimensions :<\/strong> 104 x 18 x 60 cm<\/li>\n<li data-section-id=\"6bswa8\" data-start=\"774\" data-end=\"820\">\ud83d\udcaa <strong data-start=\"779\" data-end=\"803\">Capacit\u00e9 de charge :<\/strong> jusqu\u2019\u00e0 160 kg<\/li>\n<\/ul>\n<hr data-start=\"822\" data-end=\"825\" \/>\n<p data-start=\"827\" data-end=\"1013\"><strong data-start=\"827\" data-end=\"845\">Points forts :<\/strong><br data-start=\"845\" data-end=\"848\" \/>\u2714\ufe0f Design moderne et sophistiqu\u00e9<br data-start=\"880\" data-end=\"883\" \/>\u2714\ufe0f Structure robuste et durable<br data-start=\"914\" data-end=\"917\" \/>\u2714\ufe0f Facile \u00e0 int\u00e9grer dans tout type de d\u00e9coration<br data-start=\"966\" data-end=\"969\" \/>\u2714\ufe0f Id\u00e9al pour usage quotidien ou d\u00e9coratif<\/p>\n","protected":false},"excerpt":{"rendered":"<blockquote data-start=\"367\" data-end=\"504\">\n<p data-start=\"369\" data-end=\"504\">Fauteuil d\u2019appoint Longkun \u00e9l\u00e9gant et confortable, avec structure en m\u00e9tal et rev\u00eatement en simili cuir. Id\u00e9al pour un int\u00e9rieur moderne.<\/p>\n<\/blockquote>\n","protected":false},"featured_media":29077,"template":"","meta":[],"product_brand":[],"product_cat":[76],"product_tag":[],"class_list":{"0":"post-29076","1":"product","2":"type-product","3":"status-publish","4":"has-post-thumbnail","6":"product_cat-meubles","8":"first","9":"instock","10":"shipping-taxable","11":"purchasable","12":"product-type-simple"},"_links":{"self":[{"href":"https:\/\/oladeco.sn\/index.php\/wp-json\/wp\/v2\/product\/29076","targetHints":{"allow":["GET"]}}],"collection":[{"href":"https:\/\/oladeco.sn\/index.php\/wp-json\/wp\/v2\/product"}],"about":[{"href":"https:\/\/oladeco.sn\/index.php\/wp-json\/wp\/v2\/types\/product"}],"version-history":[{"count":1,"href":"https:\/\/oladeco.sn\/index.php\/wp-json\/wp\/v2\/product\/29076\/revisions"}],"predecessor-version":[{"id":29081,"href":"https:\/\/oladeco.sn\/index.php\/wp-json\/wp\/v2\/product\/29076\/revisions\/29081"}],"wp:featuredmedia":[{"embeddable":true,"href":"https:\/\/oladeco.sn\/index.php\/wp-json\/wp\/v2\/media\/29077"}],"wp:attachment":[{"href":"https:\/\/oladeco.sn\/index.php\/wp-json\/wp\/v2\/media?parent=29076"}],"wp:term":[{"taxonomy":"product_brand","embeddable":true,"href":"https:\/\/oladeco.sn\/index.php\/wp-json\/wp\/v2\/product_brand?post=29076"},{"taxonomy":"product_cat","embeddable":true,"href":"https:\/\/oladeco.sn\/index.php\/wp-json\/wp\/v2\/product_cat?post=29076"},{"taxonomy":"product_tag","embeddable":true,"href":"https:\/\/oladeco.sn\/index.php\/wp-json\/wp\/v2\/product_tag?post=29076"}],"curies":[{"name":"wp","href":"https:\/\/api.w.org\/{rel}","templated":true}]}}