{"id":3,"date":"2026-04-08T22:28:18","date_gmt":"2026-04-08T22:28:18","guid":{"rendered":"https:\/\/oladeco.sn\/?page_id=3"},"modified":"2026-04-14T23:02:15","modified_gmt":"2026-04-14T23:02:15","slug":"privacy-policy","status":"publish","type":"page","link":"https:\/\/oladeco.sn\/index.php\/privacy-policy\/","title":{"rendered":"Politique de confidentialit\u00e9\u00a0\ud83d\udd12"},"content":{"rendered":"\n<h2 class=\"wp-block-heading\"><strong>\u00c0 propos<\/strong><br><\/h2>\n\n\n\n<p><strong>Notre site web :<\/strong>\u00a0<a href=\"https:\/\/oladeco.sn\/\" target=\"_blank\" rel=\"noreferrer noopener\">www.oladeco.sn<\/a><\/p>\n\n\n\n<h2 class=\"wp-block-heading\"><strong>Commentaires<\/strong><\/h2>\n\n\n\n<p>Lorsque vous laissez un commentaire sur notre site, nous collectons les informations que vous fournissez dans le formulaire, ainsi que votre adresse IP et les donn\u00e9es de votre navigateur. Ces informations nous aident \u00e0 d\u00e9tecter et \u00e0 pr\u00e9venir les commentaires ind\u00e9sirables (spam).<\/p>\n\n\n\n<p><\/p>\n\n\n\n<h2 class=\"wp-block-heading\">Media<\/h2>\n\n\n\n<p>Si vous t\u00e9l\u00e9chargez des images sur notre site, nous vous recommandons de supprimer toutes les donn\u00e9es de localisation int\u00e9gr\u00e9es (EXIF GPS). Ces informations peuvent \u00eatre consult\u00e9es et extraites par d&rsquo;autres visiteurs du site.<\/p>\n\n\n\n<h2 class=\"wp-block-heading\">Cookies<\/h2>\n\n\n\n<p>Si vous laissez un commentaire sur notre site, vous pouvez choisir d&rsquo;enregistrer votre nom, votre adresse e-mail et votre site web dans des cookies. Cela vous \u00e9vitera de ressaisir vos informations lors d&rsquo;un prochain commentaire. Ces cookies expirent apr\u00e8s un an.<\/p>\n\n\n\n<p>Lorsque vous visitez notre page de connexion, nous cr\u00e9ons un cookie temporaire pour v\u00e9rifier si votre navigateur accepte les cookies. Ce cookie ne contient aucune donn\u00e9e personnelle et est supprim\u00e9 lorsque vous fermez votre navigateur.<\/p>\n\n\n\n<p>Lorsque vous vous connectez, nous cr\u00e9ons plusieurs cookies pour enregistrer vos informations de connexion et vos pr\u00e9f\u00e9rences d&rsquo;affichage. Les cookies de connexion expirent apr\u00e8s deux jours, et les cookies d&rsquo;options d&rsquo;\u00e9cran apr\u00e8s un an. Si vous cochez \u00ab\u00a0Se souvenir de moi\u00a0\u00bb, votre connexion reste active pendant deux semaines. Si vous vous d\u00e9connectez, les cookies de connexion sont supprim\u00e9s.<\/p>\n\n\n\n<p>Si vous modifiez ou publiez un article, un cookie suppl\u00e9mentaire est enregistr\u00e9 dans votre navigateur. Ce cookie ne contient aucune donn\u00e9e personnelle et expire apr\u00e8s un jour.<\/p>\n\n\n\n<h2 class=\"wp-block-heading\">Contenu int\u00e9gr\u00e9 d&rsquo;autres sites web<\/h2>\n\n\n\n<p>Les articles de ce site peuvent inclure des contenus int\u00e9gr\u00e9s (vid\u00e9os, images, articles, etc.). Le contenu int\u00e9gr\u00e9 depuis d&rsquo;autres sites se comporte de la m\u00eame mani\u00e8re que si le visiteur se rendait sur cet autre site.<\/p>\n\n\n\n<p>These websites may collect data about you, use cookies, embed additional third-party tracking, and monitor your interaction with that embedded content, including tracking your interaction with the emCes sites web peuvent collecter des donn\u00e9es vous concernant, utiliser des cookies, embarquer des outils de suivi suppl\u00e9mentaires, et suivre votre interaction avec ce contenu int\u00e9gr\u00e9, y compris le suivi de votre interaction si vous avez un compte et \u00eates connect\u00e9 \u00e0 ce site.bedded content if you have an account and are logged in to that website.<\/p>\n\n\n\n<h2 class=\"wp-block-heading\">Avec qui partageons-nous vos donn\u00e9es<\/h2>\n\n\n\n<p>Pour votre s\u00e9curit\u00e9, toute demande de r\u00e9initialisation de mot de passe entra\u00eene l&rsquo;inclusion de votre adresse IP dans l&rsquo;e-mail qui vous est envoy\u00e9.<\/p>\n\n\n\n<h2 class=\"wp-block-heading\">\ud83d\udcc1\u00a0<strong>Combien de temps conservons-nous vos donn\u00e9es ?<\/strong><\/h2>\n\n\n\n<p>Les informations de votre compte client sont conserv\u00e9es aussi longtemps que votre compte est actif. Vous pouvez \u00e0 tout moment modifier ou supprimer vos informations depuis votre espace client. Les administrateurs d&rsquo;OLADECO ont \u00e9galement acc\u00e8s \u00e0 ces donn\u00e9es pour la gestion de vos commandes.<\/p>\n\n\n\n<h2 class=\"wp-block-heading\">\ud83d\udccb\u00a0<strong>Quels sont vos droits concernant vos donn\u00e9es ?<\/strong><\/h2>\n\n\n\n<p class=\"wp-block-wd-paragraph wd-d8fad38a\">Conform\u00e9ment \u00e0 nos CGV (Article 11), vous disposez d&rsquo;un droit d&rsquo;acc\u00e8s, de modification et de suppression de vos informations personnelles.<\/p>\n\n\n\n<p class=\"wp-block-wd-paragraph wd-b4fab7e9\">Si vous avez un compte chez OLADECO, vous pouvez nous demander de vous envoyer un fichier contenant toutes les donn\u00e9es que vous nous avez fournies. Vous pouvez \u00e9galement nous demander de supprimer vos donn\u00e9es personnelles, sauf si nous sommes l\u00e9galement oblig\u00e9s de les conserver (pour la gestion des commandes, la facturation, ou la s\u00e9curit\u00e9).<\/p>\n\n\n\n<h2 class=\"wp-block-heading\">\ud83d\udccd\u00a0<strong>O\u00f9 vos donn\u00e9es sont-elles transmises ?<\/strong><\/h2>\n\n\n\n<p><strong>Protection contre les spams :<\/strong>\u00a0Les commentaires laiss\u00e9s sur notre site sont analys\u00e9s automatiquement par un service de d\u00e9tection des spams.<\/p>\n","protected":false},"excerpt":{"rendered":"<p>\u00c0 propos Notre site web :\u00a0www.oladeco.sn Commentaires Lorsque vous laissez un commentaire sur notre site, nous collectons les informations que<\/p>\n","protected":false},"author":1,"featured_media":0,"parent":0,"menu_order":0,"comment_status":"closed","ping_status":"open","template":"","meta":{"footnotes":""},"class_list":["post-3","page","type-page","status-publish","hentry"],"_links":{"self":[{"href":"https:\/\/oladeco.sn\/index.php\/wp-json\/wp\/v2\/pages\/3","targetHints":{"allow":["GET"]}}],"collection":[{"href":"https:\/\/oladeco.sn\/index.php\/wp-json\/wp\/v2\/pages"}],"about":[{"href":"https:\/\/oladeco.sn\/index.php\/wp-json\/wp\/v2\/types\/page"}],"author":[{"embeddable":true,"href":"https:\/\/oladeco.sn\/index.php\/wp-json\/wp\/v2\/users\/1"}],"replies":[{"embeddable":true,"href":"https:\/\/oladeco.sn\/index.php\/wp-json\/wp\/v2\/comments?post=3"}],"version-history":[{"count":1,"href":"https:\/\/oladeco.sn\/index.php\/wp-json\/wp\/v2\/pages\/3\/revisions"}],"predecessor-version":[{"id":29640,"href":"https:\/\/oladeco.sn\/index.php\/wp-json\/wp\/v2\/pages\/3\/revisions\/29640"}],"wp:attachment":[{"href":"https:\/\/oladeco.sn\/index.php\/wp-json\/wp\/v2\/media?parent=3"}],"curies":[{"name":"wp","href":"https:\/\/api.w.org\/{rel}","templated":true}]}}